{"id":98,"date":"2014-04-26T12:24:34","date_gmt":"2014-04-26T10:24:34","guid":{"rendered":"http:\/\/www.stoelaw.ch\/?page_id=98"},"modified":"2014-04-26T12:24:34","modified_gmt":"2014-04-26T10:24:34","slug":"gerhard-stoessel-2","status":"publish","type":"page","link":"https:\/\/www.stoelaw.ch\/fr\/","title":{"rendered":"Gerhard Stoessel"},"content":{"rendered":"<p><img decoding=\"async\" loading=\"lazy\" class=\"size-medium wp-image-38 alignright\" src=\"http:\/\/www.stoelaw.ch\/wp-content\/uploads\/2013\/06\/DSC05348-200x300.jpg\" alt=\"Portrait\" width=\"200\" height=\"300\" srcset=\"https:\/\/www.stoelaw.ch\/wp-content\/uploads\/2013\/06\/DSC05348-200x300.jpg 200w, https:\/\/www.stoelaw.ch\/wp-content\/uploads\/2013\/06\/DSC05348-682x1024.jpg 682w\" sizes=\"(max-width: 200px) 100vw, 200px\" \/>Dr. iur. \/\u00a0Avocat \/ M.B.L.-HSG<\/p>\n<p>Ann\u00e9e de naissance1955<br \/>\nAnn\u00e9e du brevet d&rsquo;avocat1984<br \/>\nLangues: Allemand, Fran\u00e7ais, Italien, Anglais<\/p>\n\n<table id=\"tablepress-3\" class=\"tablepress tablepress-id-3\">\n<tbody>\n<tr class=\"row-1\">\n\t<td class=\"column-1\">T\u00e9l:<\/td><td class=\"column-2\">+41 44 910 58 58<\/td>\n<\/tr>\n<tr class=\"row-2\">\n\t<td class=\"column-1\">Fax:<\/td><td class=\"column-2\">+41 44 910 58 55<\/td>\n<\/tr>\n<tr class=\"row-3\">\n\t<td class=\"column-1\">E-mail<\/td><td class=\"column-2\"><a href=\"mailto:stoessel@stoelaw.ch\">stoessel@stoelaw.ch<\/a><\/td>\n<\/tr>\n<tr class=\"row-4\">\n\t<td class=\"column-1\">Adresse<\/td><td class=\"column-2\">Kohlrainstrasse 10<br \/>\nCH - 8700 K\u00fcsnacht ZH<\/td>\n<\/tr>\n<\/tbody>\n<\/table>\n<!-- #tablepress-3 from cache -->\n","protected":false},"excerpt":{"rendered":"<p>Dr. iur. \/\u00a0Avocat \/ M.B.L.-HSG Ann\u00e9e de naissance1955 Ann\u00e9e du brevet d&rsquo;avocat1984 Langues: Allemand, Fran\u00e7ais, Italien, Anglais<\/p>\n","protected":false},"author":4,"featured_media":0,"parent":0,"menu_order":1,"comment_status":"closed","ping_status":"closed","template":"","meta":[],"_links":{"self":[{"href":"https:\/\/www.stoelaw.ch\/fr\/wp-json\/wp\/v2\/pages\/98"}],"collection":[{"href":"https:\/\/www.stoelaw.ch\/fr\/wp-json\/wp\/v2\/pages"}],"about":[{"href":"https:\/\/www.stoelaw.ch\/fr\/wp-json\/wp\/v2\/types\/page"}],"author":[{"embeddable":true,"href":"https:\/\/www.stoelaw.ch\/fr\/wp-json\/wp\/v2\/users\/4"}],"replies":[{"embeddable":true,"href":"https:\/\/www.stoelaw.ch\/fr\/wp-json\/wp\/v2\/comments?post=98"}],"version-history":[{"count":1,"href":"https:\/\/www.stoelaw.ch\/fr\/wp-json\/wp\/v2\/pages\/98\/revisions"}],"predecessor-version":[{"id":99,"href":"https:\/\/www.stoelaw.ch\/fr\/wp-json\/wp\/v2\/pages\/98\/revisions\/99"}],"wp:attachment":[{"href":"https:\/\/www.stoelaw.ch\/fr\/wp-json\/wp\/v2\/media?parent=98"}],"curies":[{"name":"wp","href":"https:\/\/api.w.org\/{rel}","templated":true}]}}