{"id":109,"date":"2014-04-26T12:34:37","date_gmt":"2014-04-26T10:34:37","guid":{"rendered":"http:\/\/www.stoelaw.ch\/?page_id=109"},"modified":"2014-04-26T12:34:37","modified_gmt":"2014-04-26T10:34:37","slug":"publications-2","status":"publish","type":"page","link":"https:\/\/www.stoelaw.ch\/fr\/publications-2\/","title":{"rendered":"Publications"},"content":{"rendered":"<p>Das Durlemann-Dilemma &#8211; Vorschlag zur Ausdehnung der Haftung des Arbeitgebers,<br \/>\nLiber amicorum Roland Brehm, Berne 2012<\/p>\n<p>Commentaire B\u00e2lois, Loi f\u00e9d\u00e9rale sur le contrat d&rsquo;assurance (LCA), Volume suppl\u00e9mentaire, Introduction g\u00e9n\u00e9rale, art. 1-2 LCA et ancien\u00a0art.\u00a03 LCA, B\u00e2le 2012<\/p>\n<p>Schadensberechnung nach der Differenztheorie sowie kritische Bemerkungen zum \u00ab\u00a0normativen Schaden\u00a0\u00bb,<br \/>\nM\u00e9langes SDRCA, Zurich 2010<\/p>\n<p>Quotenvorrecht der Sozialversicherer, HAVE\/REAS 2008, 171-173<\/p>\n<p>Commentaire B\u00e2lois, Loi f\u00e9d\u00e9rale sur le contrat d&rsquo;assurance (LCA), Introduction g\u00e9n\u00e9rale, art. 1-3 LCA, B\u00e2le 2001<\/p>\n<p>Schadens- und Summenversicherung: Diskussion seit hundert Jahren,<br \/>\nM\u00e9langes du Bureau National Suisse d&rsquo;Assurance (BNA) et du Fonds National Suisse de Garantie (FNG),<br \/>\nB\u00e2le 2000<\/p>\n<p>Verh\u00e4ltnis Rechtsanwalt &#8211; Rechtsschutzversicherung: einige ausgew\u00e4hlte Fragen,<br \/>\nRevue de l&rsquo;avocat, 6-7\/2000, 4-11<\/p>\n<p>Haftung des Lizenzgebers nach Produktehaftpflichtrecht,<br \/>\nRevue suisse d&rsquo;Assurances (RSA) 67\/1999, 70-78<\/p>\n<p>Und pl\u00f6tzlich haftet der Lizenzgeber &#8211; Risiken aus der Anwendung ausl\u00e4ndischen Rechts,<br \/>\nNeue Z\u00fcrcher Zeitung, 07.12.1998<\/p>\n<p>Einige Bemerkungen zu den Artikeln 164 und 165 des neuen Eherechts,<br \/>\nRSJ 81\/1985, 260-264<\/p>\n<p>Das Regressrecht der AHV\/IV gegen den Haftpflichtigen,<br \/>\nTh\u00e8se Zurich 1982 (ZStPrR 21)<\/p>\n","protected":false},"excerpt":{"rendered":"<p>Das Durlemann-Dilemma &#8211; Vorschlag zur Ausdehnung der Haftung des Arbeitgebers, Liber amicorum Roland Brehm, Berne 2012 Commentaire B\u00e2lois, Loi f\u00e9d\u00e9rale sur le contrat d&rsquo;assurance (LCA), Volume suppl\u00e9mentaire, Introduction g\u00e9n\u00e9rale, art. 1-2 LCA et ancien\u00a0art.\u00a03 LCA, B\u00e2le 2012 Schadensberechnung nach der Differenztheorie sowie kritische Bemerkungen zum \u00ab\u00a0normativen Schaden\u00a0\u00bb, M\u00e9langes SDRCA, Zurich 2010 Quotenvorrecht der Sozialversicherer, HAVE\/REAS [&#8230;]<\/p>\n","protected":false},"author":4,"featured_media":0,"parent":0,"menu_order":5,"comment_status":"closed","ping_status":"closed","template":"","meta":[],"_links":{"self":[{"href":"https:\/\/www.stoelaw.ch\/fr\/wp-json\/wp\/v2\/pages\/109"}],"collection":[{"href":"https:\/\/www.stoelaw.ch\/fr\/wp-json\/wp\/v2\/pages"}],"about":[{"href":"https:\/\/www.stoelaw.ch\/fr\/wp-json\/wp\/v2\/types\/page"}],"author":[{"embeddable":true,"href":"https:\/\/www.stoelaw.ch\/fr\/wp-json\/wp\/v2\/users\/4"}],"replies":[{"embeddable":true,"href":"https:\/\/www.stoelaw.ch\/fr\/wp-json\/wp\/v2\/comments?post=109"}],"version-history":[{"count":1,"href":"https:\/\/www.stoelaw.ch\/fr\/wp-json\/wp\/v2\/pages\/109\/revisions"}],"predecessor-version":[{"id":110,"href":"https:\/\/www.stoelaw.ch\/fr\/wp-json\/wp\/v2\/pages\/109\/revisions\/110"}],"wp:attachment":[{"href":"https:\/\/www.stoelaw.ch\/fr\/wp-json\/wp\/v2\/media?parent=109"}],"curies":[{"name":"wp","href":"https:\/\/api.w.org\/{rel}","templated":true}]}}