{"id":107,"date":"2014-04-26T12:34:00","date_gmt":"2014-04-26T10:34:00","guid":{"rendered":"http:\/\/www.stoelaw.ch\/?page_id=107"},"modified":"2014-04-26T12:38:29","modified_gmt":"2014-04-26T10:38:29","slug":"appartenances-fonctions","status":"publish","type":"page","link":"https:\/\/www.stoelaw.ch\/fr\/appartenances-fonctions\/","title":{"rendered":"Appartenances \/ fonctions"},"content":{"rendered":"<p><a href=\"http:\/\/www.sav-fsa.ch\/\">FSA\/SAV<\/a>\u00a0\u00a0 F\u00e9d\u00e9ration Suisse des Avocats<br \/>\n<a href=\"http:\/\/www.zav.ch\/home\/\">ZAV<\/a>\u00a0 \u00a0F\u00e9d\u00e9ration des Avocats Zurichois<br \/>\nSDRCA\/SGHVR\u00a0\u00a0 Soci\u00e9t\u00e9 suisse du droit de la responsabilit\u00e9 civile et des assurances<br \/>\n<a href=\"http:\/\/www.asda-svlr.ch\/\">ASDA\/SVLR<\/a>\u00a0\u00a0 Association Suisse de Droit A\u00e9rien et Spatial<br \/>\nZJV\u00a0\u00a0 Soci\u00e9t\u00e9 des Juristes Zurichois<br \/>\nJM FA\/MJ LW\u00a0\u00a0 Justice Militaire des Forces A\u00e9riennes Suisses (Juge d&rsquo;instruction\/auditeur)<br \/>\nSPT\u00a0\u00a0 Squadra Paracadutistica Ticinese<\/p>\n","protected":false},"excerpt":{"rendered":"<p><a href=\"http:\/\/www.sav-fsa.ch\/\">FSA\/SAV<\/a>\u00a0\u00a0 F\u00e9d\u00e9ration Suisse des Avocats <a href=\"http:\/\/www.zav.ch\/home\/\">ZAV<\/a>\u00a0 \u00a0F\u00e9d\u00e9ration des Avocats Zurichois SDRCA\/SGHVR\u00a0\u00a0 Soci\u00e9t\u00e9 suisse du droit de la responsabilit\u00e9 civile et des assurances <a href=\"http:\/\/www.asda-svlr.ch\/\">ASDA\/SVLR<\/a>\u00a0\u00a0 Association Suisse de Droit A\u00e9rien et Spatial ZJV\u00a0\u00a0 Soci\u00e9t\u00e9 des Juristes Zurichois JM FA\/MJ LW\u00a0\u00a0 Justice Militaire des Forces A\u00e9riennes Suisses (Juge d&rsquo;instruction\/auditeur) SPT\u00a0\u00a0 Squadra Paracadutistica Ticinese<\/p>\n","protected":false},"author":4,"featured_media":0,"parent":0,"menu_order":4,"comment_status":"closed","ping_status":"closed","template":"","meta":[],"_links":{"self":[{"href":"https:\/\/www.stoelaw.ch\/fr\/wp-json\/wp\/v2\/pages\/107"}],"collection":[{"href":"https:\/\/www.stoelaw.ch\/fr\/wp-json\/wp\/v2\/pages"}],"about":[{"href":"https:\/\/www.stoelaw.ch\/fr\/wp-json\/wp\/v2\/types\/page"}],"author":[{"embeddable":true,"href":"https:\/\/www.stoelaw.ch\/fr\/wp-json\/wp\/v2\/users\/4"}],"replies":[{"embeddable":true,"href":"https:\/\/www.stoelaw.ch\/fr\/wp-json\/wp\/v2\/comments?post=107"}],"version-history":[{"count":2,"href":"https:\/\/www.stoelaw.ch\/fr\/wp-json\/wp\/v2\/pages\/107\/revisions"}],"predecessor-version":[{"id":112,"href":"https:\/\/www.stoelaw.ch\/fr\/wp-json\/wp\/v2\/pages\/107\/revisions\/112"}],"wp:attachment":[{"href":"https:\/\/www.stoelaw.ch\/fr\/wp-json\/wp\/v2\/media?parent=107"}],"curies":[{"name":"wp","href":"https:\/\/api.w.org\/{rel}","templated":true}]}}