{"id":105,"date":"2014-04-26T12:32:40","date_gmt":"2014-04-26T10:32:40","guid":{"rendered":"http:\/\/www.stoelaw.ch\/?page_id=105"},"modified":"2014-04-26T12:32:40","modified_gmt":"2014-04-26T10:32:40","slug":"formation-professionnelle","status":"publish","type":"page","link":"https:\/\/www.stoelaw.ch\/fr\/formation-professionnelle\/","title":{"rendered":"Formation professionnelle"},"content":{"rendered":"<p>Universit\u00e9 de Zurich,\u00a0licenci\u00e9 en droit 1979<br \/>\nUniversit\u00e9 de Zurich,\u00a0Docteur en droit 1982<br \/>\nBrevet d&rsquo;avocat (Canton de Zurich) 1984<br \/>\n\u00c9tudes du troisi\u00e8me cycle: Universit\u00e9 de St. Gall: Master of European and International Business Law (M.B.L.-HSG) 1996\/1997<\/p>\n<h1>Exp\u00e9rience professionnelle<\/h1>\n<p>Assistant du Prof. C. Hegnauer\/Universit\u00e9 de Zurich (droit des successions) [1980-1981]<br \/>\nD\u00e9partement juridique\/service des sinistres d&rsquo;une Compagnie d&rsquo;assurances \u00e0 Zurich [1981-1982]<br \/>\nGreffier au Tribunal de district de Horgen \/ Zurich [1982-1983]<br \/>\nCollaborateur dans une \u00e9tude d&rsquo;avocats \u00e0 Zurich [1984-1986]<br \/>\nAssoci\u00e9 dans des \u00e9tudes d&rsquo;avocats \u00e0 Zurich, Zollikon et K\u00fcsnacht ZH [1987-2013]<br \/>\nAvocat ind\u00e9pendant \u00e0 K\u00fcsnacht ZH [depuis 2013]<\/p>\n","protected":false},"excerpt":{"rendered":"<p>Universit\u00e9 de Zurich,\u00a0licenci\u00e9 en droit 1979 Universit\u00e9 de Zurich,\u00a0Docteur en droit 1982 Brevet d&rsquo;avocat (Canton de Zurich) 1984 \u00c9tudes du troisi\u00e8me cycle: Universit\u00e9 de St. Gall: Master of European and International Business Law (M.B.L.-HSG) 1996\/1997 Exp\u00e9rience professionnelle Assistant du Prof. C. Hegnauer\/Universit\u00e9 de Zurich (droit des successions) [1980-1981] D\u00e9partement juridique\/service des sinistres d&rsquo;une Compagnie d&rsquo;assurances [&#8230;]<\/p>\n","protected":false},"author":4,"featured_media":0,"parent":0,"menu_order":3,"comment_status":"closed","ping_status":"closed","template":"","meta":[],"_links":{"self":[{"href":"https:\/\/www.stoelaw.ch\/fr\/wp-json\/wp\/v2\/pages\/105"}],"collection":[{"href":"https:\/\/www.stoelaw.ch\/fr\/wp-json\/wp\/v2\/pages"}],"about":[{"href":"https:\/\/www.stoelaw.ch\/fr\/wp-json\/wp\/v2\/types\/page"}],"author":[{"embeddable":true,"href":"https:\/\/www.stoelaw.ch\/fr\/wp-json\/wp\/v2\/users\/4"}],"replies":[{"embeddable":true,"href":"https:\/\/www.stoelaw.ch\/fr\/wp-json\/wp\/v2\/comments?post=105"}],"version-history":[{"count":1,"href":"https:\/\/www.stoelaw.ch\/fr\/wp-json\/wp\/v2\/pages\/105\/revisions"}],"predecessor-version":[{"id":106,"href":"https:\/\/www.stoelaw.ch\/fr\/wp-json\/wp\/v2\/pages\/105\/revisions\/106"}],"wp:attachment":[{"href":"https:\/\/www.stoelaw.ch\/fr\/wp-json\/wp\/v2\/media?parent=105"}],"curies":[{"name":"wp","href":"https:\/\/api.w.org\/{rel}","templated":true}]}}