{"id":103,"date":"2014-04-26T12:29:44","date_gmt":"2014-04-26T10:29:44","guid":{"rendered":"http:\/\/www.stoelaw.ch\/?page_id=103"},"modified":"2015-08-17T10:38:11","modified_gmt":"2015-08-17T08:38:11","slug":"domaines-principaux-dactivite","status":"publish","type":"page","link":"https:\/\/www.stoelaw.ch\/fr\/domaines-principaux-dactivite\/","title":{"rendered":"Domaines Principaux d&rsquo;activit\u00e9"},"content":{"rendered":"<p>Gerhard Stoessel conseille des entreprises et des priv\u00e9s en particulier dans les domaines du droit priv\u00e9 et commercial, surtout des compagnies d&rsquo;assurance suisses et \u00e9trang\u00e8res qu&rsquo;il repr\u00e9sente \u00e9galement en justice. En plus il d\u00e9fend r\u00e9guli\u00e8rement des m\u00e9decins et des h\u00f4pitaux dans des litiges de responsabilit\u00e9 m\u00e9dicale ainsi que dans des proc\u00e9dures p\u00e9nales concernant des erreurs m\u00e9dicales. Gerhard Stoessel jouit \u00e9galement d&rsquo;une longue exp\u00e9rience dans le droit des successions et dans l&rsquo;administration d&rsquo;h\u00e9ritages. Il conseille des clients dans le contexte de contrats concernant l&rsquo;achat et la vente d&rsquo;\u0153uvres d&rsquo;art et les questions y relatives, y compris l&rsquo;assurance d&rsquo;\u0153uvres d&rsquo;art.<\/p>\n<p>Gerhard Stoessel entretient des relations \u00e9troites avec l&rsquo;Aviation et la Navigation. Il accomplit son service militaire dans la Justice Militaire des Forces A\u00e9riennes o\u00f9 il conduit des enqu\u00eates d\u2019accidents dans l\u2019aviation, et il d\u00e9tient les permis pour bateaux \u00e0 voile et \u00e0 moteur.<\/p>\n","protected":false},"excerpt":{"rendered":"<p>Gerhard Stoessel conseille des entreprises et des priv\u00e9s en particulier dans les domaines du droit priv\u00e9 et commercial, surtout des compagnies d&rsquo;assurance suisses et \u00e9trang\u00e8res qu&rsquo;il repr\u00e9sente \u00e9galement en justice. En plus il d\u00e9fend r\u00e9guli\u00e8rement des m\u00e9decins et des h\u00f4pitaux dans des litiges de responsabilit\u00e9 m\u00e9dicale ainsi que dans des proc\u00e9dures p\u00e9nales concernant des erreurs [&#8230;]<\/p>\n","protected":false},"author":4,"featured_media":0,"parent":0,"menu_order":2,"comment_status":"closed","ping_status":"closed","template":"","meta":[],"_links":{"self":[{"href":"https:\/\/www.stoelaw.ch\/fr\/wp-json\/wp\/v2\/pages\/103"}],"collection":[{"href":"https:\/\/www.stoelaw.ch\/fr\/wp-json\/wp\/v2\/pages"}],"about":[{"href":"https:\/\/www.stoelaw.ch\/fr\/wp-json\/wp\/v2\/types\/page"}],"author":[{"embeddable":true,"href":"https:\/\/www.stoelaw.ch\/fr\/wp-json\/wp\/v2\/users\/4"}],"replies":[{"embeddable":true,"href":"https:\/\/www.stoelaw.ch\/fr\/wp-json\/wp\/v2\/comments?post=103"}],"version-history":[{"count":4,"href":"https:\/\/www.stoelaw.ch\/fr\/wp-json\/wp\/v2\/pages\/103\/revisions"}],"predecessor-version":[{"id":134,"href":"https:\/\/www.stoelaw.ch\/fr\/wp-json\/wp\/v2\/pages\/103\/revisions\/134"}],"wp:attachment":[{"href":"https:\/\/www.stoelaw.ch\/fr\/wp-json\/wp\/v2\/media?parent=103"}],"curies":[{"name":"wp","href":"https:\/\/api.w.org\/{rel}","templated":true}]}}